{"id":283,"date":"2021-07-21T16:54:23","date_gmt":"2021-07-21T16:54:23","guid":{"rendered":"https:\/\/vtmsoluciones.com\/v3\/?page_id=283"},"modified":"2021-08-12T15:55:11","modified_gmt":"2021-08-12T15:55:11","slug":"educacion-financiera","status":"publish","type":"page","link":"https:\/\/vtmsoluciones.com\/v3\/educacion-financiera\/","title":{"rendered":"Educaci\u00f3n Financiera"},"content":{"rendered":"\t\t<div data-elementor-type=\"wp-page\" data-elementor-id=\"283\" class=\"elementor elementor-283\" data-elementor-settings=\"[]\">\n\t\t\t\t\t\t\t<div class=\"elementor-section-wrap\">\n\t\t\t\t\t\t\t<section class=\"elementor-section elementor-top-section elementor-element elementor-element-b3ab1cb elementor-section-height-min-height elementor-section-items-stretch elementor-section-content-middle elementor-hidden-desktop elementor-hidden-tablet elementor-hidden-phone elementor-section-boxed elementor-section-height-default\" data-id=\"b3ab1cb\" data-element_type=\"section\" data-settings=\"{&quot;background_background&quot;:&quot;classic&quot;}\">\n\t\t\t\t\t\t\t<div class=\"elementor-background-overlay\"><\/div>\n\t\t\t\t\t\t\t<div class=\"elementor-container elementor-column-gap-no\">\n\t\t\t\t\t<div class=\"elementor-column elementor-col-50 elementor-top-column elementor-element elementor-element-6b74049\" data-id=\"6b74049\" data-element_type=\"column\">\n\t\t\t<div class=\"elementor-widget-wrap elementor-element-populated\">\n\t\t\t\t\t\t\t\t<div class=\"elementor-element elementor-element-61f164f elementor-widget elementor-widget-heading\" data-id=\"61f164f\" data-element_type=\"widget\" data-widget_type=\"heading.default\">\n\t\t\t\t<div class=\"elementor-widget-container\">\n\t\t\t<h2 class=\"elementor-heading-title elementor-size-default\">Tu cr\u00e9dito sin complicaciones<\/h2>\t\t<\/div>\n\t\t\t\t<\/div>\n\t\t\t\t<div class=\"elementor-element elementor-element-d2112a6 elementor-widget elementor-widget-text-editor\" data-id=\"d2112a6\" data-element_type=\"widget\" data-widget_type=\"text-editor.default\">\n\t\t\t\t<div class=\"elementor-widget-container\">\n\t\t\t\t\t\t\t<p>\u00bfEst\u00e1s reportado en centrales de riesgo?<br \/>Te regresamos al sector bancario.<\/p>\t\t\t\t\t\t<\/div>\n\t\t\t\t<\/div>\n\t\t\t\t<div class=\"elementor-element elementor-element-770409d elementor-widget elementor-widget-button\" data-id=\"770409d\" data-element_type=\"widget\" data-widget_type=\"button.default\">\n\t\t\t\t<div class=\"elementor-widget-container\">\n\t\t\t\t\t<div class=\"elementor-button-wrapper\">\n\t\t\t<a href=\"#\" class=\"elementor-button-link elementor-button elementor-size-sm\" role=\"button\">\n\t\t\t\t\t\t<span class=\"elementor-button-content-wrapper\">\n\t\t\t\t\t\t<span class=\"elementor-button-text\">SOLICITALO YA<\/span>\n\t\t<\/span>\n\t\t\t\t\t<\/a>\n\t\t<\/div>\n\t\t\t\t<\/div>\n\t\t\t\t<\/div>\n\t\t\t\t\t<\/div>\n\t\t<\/div>\n\t\t\t\t<div class=\"elementor-column elementor-col-50 elementor-top-column elementor-element elementor-element-1ed6d4a\" data-id=\"1ed6d4a\" data-element_type=\"column\">\n\t\t\t<div class=\"elementor-widget-wrap elementor-element-populated\">\n\t\t\t\t\t\t\t\t<div class=\"elementor-element elementor-element-20c79a7 elementor-widget elementor-widget-image\" data-id=\"20c79a7\" data-element_type=\"widget\" data-widget_type=\"image.default\">\n\t\t\t\t<div class=\"elementor-widget-container\">\n\t\t\t\t\t\t\t\t\t\t\t\t\t\t\t<img loading=\"lazy\" decoding=\"async\" width=\"1474\" height=\"1233\" src=\"https:\/\/vtmsoluciones.com\/v3\/wp-content\/uploads\/2021\/07\/PERSONA-SECCION-1.png\" class=\"attachment-full size-full\" alt=\"PERSONA-SECCION-1\" srcset=\"https:\/\/vtmsoluciones.com\/v3\/wp-content\/uploads\/2021\/07\/PERSONA-SECCION-1.png 1474w, https:\/\/vtmsoluciones.com\/v3\/wp-content\/uploads\/2021\/07\/PERSONA-SECCION-1-300x251.png 300w, https:\/\/vtmsoluciones.com\/v3\/wp-content\/uploads\/2021\/07\/PERSONA-SECCION-1-1024x857.png 1024w, https:\/\/vtmsoluciones.com\/v3\/wp-content\/uploads\/2021\/07\/PERSONA-SECCION-1-768x642.png 768w\" sizes=\"auto, (max-width: 1474px) 100vw, 1474px\" \/>\t\t\t\t\t\t\t\t\t\t\t\t\t\t\t<\/div>\n\t\t\t\t<\/div>\n\t\t\t\t\t<\/div>\n\t\t<\/div>\n\t\t\t\t\t\t\t<\/div>\n\t\t<\/section>\n\t\t\t\t<section class=\"elementor-section elementor-top-section elementor-element elementor-element-1470f32 elementor-hidden-desktop elementor-hidden-tablet elementor-hidden-phone elementor-section-boxed elementor-section-height-default elementor-section-height-default\" data-id=\"1470f32\" data-element_type=\"section\">\n\t\t\t\t\t\t<div class=\"elementor-container elementor-column-gap-default\">\n\t\t\t\t\t<div class=\"elementor-column elementor-col-100 elementor-top-column elementor-element elementor-element-2146633d\" data-id=\"2146633d\" data-element_type=\"column\" data-settings=\"{&quot;background_background&quot;:&quot;classic&quot;}\">\n\t\t\t<div class=\"elementor-widget-wrap elementor-element-populated\">\n\t\t\t\t\t\t\t\t<section class=\"elementor-section elementor-inner-section elementor-element elementor-element-2cbce55e elementor-section-boxed elementor-section-height-default elementor-section-height-default\" data-id=\"2cbce55e\" data-element_type=\"section\">\n\t\t\t\t\t\t<div class=\"elementor-container elementor-column-gap-default\">\n\t\t\t\t\t<div class=\"elementor-column elementor-col-25 elementor-inner-column elementor-element elementor-element-3b2ddb5c\" data-id=\"3b2ddb5c\" data-element_type=\"column\">\n\t\t\t<div class=\"elementor-widget-wrap elementor-element-populated\">\n\t\t\t\t\t\t\t\t<div class=\"elementor-element elementor-element-720aaf6e elementor-widget elementor-widget-price-list\" data-id=\"720aaf6e\" data-element_type=\"widget\" data-widget_type=\"price-list.default\">\n\t\t\t\t<div class=\"elementor-widget-container\">\n\t\t\t\n\t\t<ul class=\"elementor-price-list\">\n\n\t\t\t\t\t\t\t\t\t<li><a class=\"elementor-price-list-item\" href=\"#whatsapp\">\t\t\t\t\t\t\t\t\t<div class=\"elementor-price-list-image\">\n\t\t\t\t\t<img decoding=\"async\" src=\"https:\/\/vtmsoluciones.com\/v3\/wp-content\/uploads\/2021\/07\/CHECK-NARANJA.png\" alt=\"Prestamos hasta:\" \/>\t\t\t\t<\/div>\n\t\t\t\t\n\t\t\t\t<div class=\"elementor-price-list-text\">\n\t\t\t\t\t\t\t\t\t<div class=\"elementor-price-list-header\">\n\t\t\t\t\t\t\t\t\t\t\t<span class=\"elementor-price-list-title\">Prestamos hasta:<\/span>\n\t\t\t\t\t\t\t\t\t\t\t\t\t\t\t\t\t\t<span class=\"elementor-price-list-separator\"><\/span>\n\t\t\t\t\t\t\t\t\t\t\t\t\t\t\t\t<\/div>\n\t\t\t\t\t\t\t\t\t\t\t\t\t\t\t<p class=\"elementor-price-list-description\">80% y $500 millones<\/p>\n\t\t\t\t\t\t\t\t<\/div>\n\t\t\t\t<\/a><\/li>\t\t\t\t\t\n\t\t<\/ul>\n\n\t\t\t\t<\/div>\n\t\t\t\t<\/div>\n\t\t\t\t\t<\/div>\n\t\t<\/div>\n\t\t\t\t<div class=\"elementor-column elementor-col-25 elementor-inner-column elementor-element elementor-element-2df8f40e\" data-id=\"2df8f40e\" data-element_type=\"column\">\n\t\t\t<div class=\"elementor-widget-wrap elementor-element-populated\">\n\t\t\t\t\t\t\t\t<div class=\"elementor-element elementor-element-59b2991d elementor-widget elementor-widget-price-list\" data-id=\"59b2991d\" data-element_type=\"widget\" data-widget_type=\"price-list.default\">\n\t\t\t\t<div class=\"elementor-widget-container\">\n\t\t\t\n\t\t<ul class=\"elementor-price-list\">\n\n\t\t\t\t\t\t\t\t\t<li><a class=\"elementor-price-list-item\" href=\"#whatsapp\">\t\t\t\t\t\t\t\t\t<div class=\"elementor-price-list-image\">\n\t\t\t\t\t<img decoding=\"async\" src=\"https:\/\/vtmsoluciones.com\/v3\/wp-content\/uploads\/2021\/07\/CHECK-NARANJA.png\" alt=\"Bajo inter\u00e9s:\" \/>\t\t\t\t<\/div>\n\t\t\t\t\n\t\t\t\t<div class=\"elementor-price-list-text\">\n\t\t\t\t\t\t\t\t\t<div class=\"elementor-price-list-header\">\n\t\t\t\t\t\t\t\t\t\t\t<span class=\"elementor-price-list-title\">Bajo inter\u00e9s:<\/span>\n\t\t\t\t\t\t\t\t\t\t\t\t\t\t\t\t\t\t<span class=\"elementor-price-list-separator\"><\/span>\n\t\t\t\t\t\t\t\t\t\t\t\t\t\t\t\t<\/div>\n\t\t\t\t\t\t\t\t\t\t\t\t\t\t\t<p class=\"elementor-price-list-description\">desde un 1.2%<\/p>\n\t\t\t\t\t\t\t\t<\/div>\n\t\t\t\t<\/a><\/li>\t\t\t\t\t\n\t\t<\/ul>\n\n\t\t\t\t<\/div>\n\t\t\t\t<\/div>\n\t\t\t\t\t<\/div>\n\t\t<\/div>\n\t\t\t\t<div class=\"elementor-column elementor-col-25 elementor-inner-column elementor-element elementor-element-58b99c23\" data-id=\"58b99c23\" data-element_type=\"column\">\n\t\t\t<div class=\"elementor-widget-wrap elementor-element-populated\">\n\t\t\t\t\t\t\t\t<div class=\"elementor-element elementor-element-403f7db2 elementor-widget elementor-widget-price-list\" data-id=\"403f7db2\" data-element_type=\"widget\" data-widget_type=\"price-list.default\">\n\t\t\t\t<div class=\"elementor-widget-container\">\n\t\t\t\n\t\t<ul class=\"elementor-price-list\">\n\n\t\t\t\t\t\t\t\t\t<li><a class=\"elementor-price-list-item\" href=\"#whatsapp\">\t\t\t\t\t\t\t\t\t<div class=\"elementor-price-list-image\">\n\t\t\t\t\t<img decoding=\"async\" src=\"https:\/\/vtmsoluciones.com\/v3\/wp-content\/uploads\/2021\/07\/CHECK-NARANJA.png\" alt=\"Aprobaci\u00f3n r\u00e1pida\" \/>\t\t\t\t<\/div>\n\t\t\t\t\n\t\t\t\t<div class=\"elementor-price-list-text\">\n\t\t\t\t\t\t\t\t\t<div class=\"elementor-price-list-header\">\n\t\t\t\t\t\t\t\t\t\t\t<span class=\"elementor-price-list-title\">Aprobaci\u00f3n r\u00e1pida<\/span>\n\t\t\t\t\t\t\t\t\t\t\t\t\t\t\t\t\t\t<span class=\"elementor-price-list-separator\"><\/span>\n\t\t\t\t\t\t\t\t\t\t\t\t\t\t\t\t<\/div>\n\t\t\t\t\t\t\t\t\t\t\t\t\t\t\t<p class=\"elementor-price-list-description\">en 2 o 3 d\u00edas<\/p>\n\t\t\t\t\t\t\t\t<\/div>\n\t\t\t\t<\/a><\/li>\t\t\t\t\t\n\t\t<\/ul>\n\n\t\t\t\t<\/div>\n\t\t\t\t<\/div>\n\t\t\t\t\t<\/div>\n\t\t<\/div>\n\t\t\t\t<div class=\"elementor-column elementor-col-25 elementor-inner-column elementor-element elementor-element-9f5a40c\" data-id=\"9f5a40c\" data-element_type=\"column\">\n\t\t\t<div class=\"elementor-widget-wrap elementor-element-populated\">\n\t\t\t\t\t\t\t\t<div class=\"elementor-element elementor-element-3044038d elementor-widget elementor-widget-price-list\" data-id=\"3044038d\" data-element_type=\"widget\" data-widget_type=\"price-list.default\">\n\t\t\t\t<div class=\"elementor-widget-container\">\n\t\t\t\n\t\t<ul class=\"elementor-price-list\">\n\n\t\t\t\t\t\t\t\t\t<li><a class=\"elementor-price-list-item\" href=\"#whatsapp\">\t\t\t\t\t\t\t\t\t<div class=\"elementor-price-list-image\">\n\t\t\t\t\t<img decoding=\"async\" src=\"https:\/\/vtmsoluciones.com\/v3\/wp-content\/uploads\/2021\/07\/CHECK-NARANJA.png\" alt=\"Tramites \u00e1giles\" \/>\t\t\t\t<\/div>\n\t\t\t\t\n\t\t\t\t<div class=\"elementor-price-list-text\">\n\t\t\t\t\t\t\t\t\t<div class=\"elementor-price-list-header\">\n\t\t\t\t\t\t\t\t\t\t\t<span class=\"elementor-price-list-title\">Tramites \u00e1giles<\/span>\n\t\t\t\t\t\t\t\t\t\t\t\t\t\t\t\t\t\t<span class=\"elementor-price-list-separator\"><\/span>\n\t\t\t\t\t\t\t\t\t\t\t\t\t\t\t\t<\/div>\n\t\t\t\t\t\t\t\t\t\t\t\t\t\t\t<p class=\"elementor-price-list-description\">procesos online<\/p>\n\t\t\t\t\t\t\t\t<\/div>\n\t\t\t\t<\/a><\/li>\t\t\t\t\t\n\t\t<\/ul>\n\n\t\t\t\t<\/div>\n\t\t\t\t<\/div>\n\t\t\t\t\t<\/div>\n\t\t<\/div>\n\t\t\t\t\t\t\t<\/div>\n\t\t<\/section>\n\t\t\t\t\t<\/div>\n\t\t<\/div>\n\t\t\t\t\t\t\t<\/div>\n\t\t<\/section>\n\t\t\t\t<section class=\"elementor-section elementor-top-section elementor-element elementor-element-0f5ffce elementor-section-boxed elementor-section-height-default elementor-section-height-default\" data-id=\"0f5ffce\" data-element_type=\"section\">\n\t\t\t\t\t\t<div class=\"elementor-container elementor-column-gap-default\">\n\t\t\t\t\t<div class=\"elementor-column elementor-col-100 elementor-top-column elementor-element elementor-element-26e3bd0\" data-id=\"26e3bd0\" data-element_type=\"column\">\n\t\t\t<div class=\"elementor-widget-wrap elementor-element-populated\">\n\t\t\t\t\t\t\t\t<section class=\"elementor-section elementor-inner-section elementor-element elementor-element-e18c2f9 elementor-section-full_width elementor-section-content-middle elementor-section-height-default elementor-section-height-default\" data-id=\"e18c2f9\" data-element_type=\"section\">\n\t\t\t\t\t\t<div class=\"elementor-container elementor-column-gap-default\">\n\t\t\t\t\t<div class=\"elementor-column elementor-col-50 elementor-inner-column elementor-element elementor-element-3ccfc5f\" data-id=\"3ccfc5f\" data-element_type=\"column\">\n\t\t\t<div class=\"elementor-widget-wrap elementor-element-populated\">\n\t\t\t\t\t\t\t\t<div class=\"elementor-element elementor-element-4907bf9a elementor-widget elementor-widget-heading\" data-id=\"4907bf9a\" data-element_type=\"widget\" data-widget_type=\"heading.default\">\n\t\t\t\t<div class=\"elementor-widget-container\">\n\t\t\t<h5 class=\"elementor-heading-title elementor-size-default\">Noticias<\/h5>\t\t<\/div>\n\t\t\t\t<\/div>\n\t\t\t\t<div class=\"elementor-element elementor-element-dcee11b elementor-widget elementor-widget-heading\" data-id=\"dcee11b\" data-element_type=\"widget\" data-widget_type=\"heading.default\">\n\t\t\t\t<div class=\"elementor-widget-container\">\n\t\t\t<h5 class=\"elementor-heading-title elementor-size-default\">\u00daltimas Noticias<\/h5>\t\t<\/div>\n\t\t\t\t<\/div>\n\t\t\t\t\t<\/div>\n\t\t<\/div>\n\t\t\t\t<div class=\"elementor-column elementor-col-50 elementor-inner-column elementor-element elementor-element-f90ac04\" data-id=\"f90ac04\" data-element_type=\"column\">\n\t\t\t<div class=\"elementor-widget-wrap\">\n\t\t\t\t\t\t\t\t\t<\/div>\n\t\t<\/div>\n\t\t\t\t\t\t\t<\/div>\n\t\t<\/section>\n\t\t\t\t<section class=\"elementor-section elementor-inner-section elementor-element elementor-element-761bf25 elementor-section-full_width elementor-section-height-default elementor-section-height-default\" data-id=\"761bf25\" data-element_type=\"section\">\n\t\t\t\t\t\t<div class=\"elementor-container elementor-column-gap-default\">\n\t\t\t\t\t<div class=\"elementor-column elementor-col-100 elementor-inner-column elementor-element elementor-element-7c91618\" data-id=\"7c91618\" data-element_type=\"column\">\n\t\t\t<div class=\"elementor-widget-wrap elementor-element-populated\">\n\t\t\t\t\t\t\t\t<div class=\"elementor-element elementor-element-2979b2d elementor-grid-3 elementor-grid-tablet-2 elementor-grid-mobile-1 elementor-posts--thumbnail-top elementor-widget elementor-widget-posts\" data-id=\"2979b2d\" data-element_type=\"widget\" data-settings=\"{&quot;classic_columns&quot;:&quot;3&quot;,&quot;classic_columns_tablet&quot;:&quot;2&quot;,&quot;classic_columns_mobile&quot;:&quot;1&quot;,&quot;classic_row_gap&quot;:{&quot;unit&quot;:&quot;px&quot;,&quot;size&quot;:35,&quot;sizes&quot;:[]}}\" data-widget_type=\"posts.classic\">\n\t\t\t\t<div class=\"elementor-widget-container\">\n\t\t\t\t\t<div class=\"elementor-posts-container elementor-posts elementor-posts--skin-classic elementor-grid\">\n\t\t\t\t<article class=\"elementor-post elementor-grid-item post-258 post type-post status-publish format-standard has-post-thumbnail hentry category-sin-categoria\">\n\t\t\t\t<a class=\"elementor-post__thumbnail__link\" href=\"https:\/\/vtmsoluciones.com\/v3\/menos-por-mas\/\" >\n\t\t\t<div class=\"elementor-post__thumbnail\"><img loading=\"lazy\" decoding=\"async\" width=\"300\" height=\"258\" src=\"https:\/\/vtmsoluciones.com\/v3\/wp-content\/uploads\/2021\/07\/MENOS-POR-MAS-300x258.jpg\" class=\"attachment-medium size-medium\" alt=\"MENOS-POR-MAS - VTM\" srcset=\"https:\/\/vtmsoluciones.com\/v3\/wp-content\/uploads\/2021\/07\/MENOS-POR-MAS-300x258.jpg 300w, https:\/\/vtmsoluciones.com\/v3\/wp-content\/uploads\/2021\/07\/MENOS-POR-MAS.jpg 529w\" sizes=\"auto, (max-width: 300px) 100vw, 300px\" \/><\/div>\n\t\t<\/a>\n\t\t\t\t<div class=\"elementor-post__text\">\n\t\t\t\t<h3 class=\"elementor-post__title\">\n\t\t\t<a href=\"https:\/\/vtmsoluciones.com\/v3\/menos-por-mas\/\" >\n\t\t\t\tMenos Por M\u00e1s\t\t\t<\/a>\n\t\t<\/h3>\n\t\t\t\t<div class=\"elementor-post__meta-data\">\n\t\t\t\t\t<span class=\"elementor-post-date\">\n\t\t\t21 de julio de 2021\t\t<\/span>\n\t\t\t\t<\/div>\n\t\t\t\t<div class=\"elementor-post__excerpt\">\n\t\t\t<p>Con el saneamiento financiero recibes la tasa de inter\u00e9s mas bajas del mercado financiero regulado, que te permiten recibir mas dinero por tu pago mensual,<\/p>\n\t\t<\/div>\n\t\t\t\t\t<a class=\"elementor-post__read-more\" href=\"https:\/\/vtmsoluciones.com\/v3\/menos-por-mas\/\" >\n\t\t\t\tLeer m\u00e1s <i class=\"fa fa-plus-square\" aria-hidden=\"true\"><\/i>\t\t\t<\/a>\n\t\t\t\t<\/div>\n\t\t\t\t<\/article>\n\t\t\t\t<article class=\"elementor-post elementor-grid-item post-255 post type-post status-publish format-standard has-post-thumbnail hentry category-sin-categoria\">\n\t\t\t\t<a class=\"elementor-post__thumbnail__link\" href=\"https:\/\/vtmsoluciones.com\/v3\/el-tiempo-es-sabio\/\" >\n\t\t\t<div class=\"elementor-post__thumbnail\"><img loading=\"lazy\" decoding=\"async\" width=\"300\" height=\"258\" src=\"https:\/\/vtmsoluciones.com\/v3\/wp-content\/uploads\/2021\/07\/EL-TIEMPO-ES-SABIO-300x258.jpg\" class=\"attachment-medium size-medium\" alt=\"EL-TIEMPO-ES-SABIO- VTM\" srcset=\"https:\/\/vtmsoluciones.com\/v3\/wp-content\/uploads\/2021\/07\/EL-TIEMPO-ES-SABIO-300x258.jpg 300w, https:\/\/vtmsoluciones.com\/v3\/wp-content\/uploads\/2021\/07\/EL-TIEMPO-ES-SABIO.jpg 529w\" sizes=\"auto, (max-width: 300px) 100vw, 300px\" \/><\/div>\n\t\t<\/a>\n\t\t\t\t<div class=\"elementor-post__text\">\n\t\t\t\t<h3 class=\"elementor-post__title\">\n\t\t\t<a href=\"https:\/\/vtmsoluciones.com\/v3\/el-tiempo-es-sabio\/\" >\n\t\t\t\tEl Tiempo Es Sabio\t\t\t<\/a>\n\t\t<\/h3>\n\t\t\t\t<div class=\"elementor-post__meta-data\">\n\t\t\t\t\t<span class=\"elementor-post-date\">\n\t\t\t21 de julio de 2021\t\t<\/span>\n\t\t\t\t<\/div>\n\t\t\t\t<div class=\"elementor-post__excerpt\">\n\t\t\t<p>Elegir correctamente el plazo de un cr\u00e9dito es fundamental, no se debe elegir un plazo mayor en la financiaci\u00f3n a la vida \u00fatil del bien<\/p>\n\t\t<\/div>\n\t\t\t\t\t<a class=\"elementor-post__read-more\" href=\"https:\/\/vtmsoluciones.com\/v3\/el-tiempo-es-sabio\/\" >\n\t\t\t\tLeer m\u00e1s <i class=\"fa fa-plus-square\" aria-hidden=\"true\"><\/i>\t\t\t<\/a>\n\t\t\t\t<\/div>\n\t\t\t\t<\/article>\n\t\t\t\t<article class=\"elementor-post elementor-grid-item post-253 post type-post status-publish format-standard has-post-thumbnail hentry category-sin-categoria\">\n\t\t\t\t<a class=\"elementor-post__thumbnail__link\" href=\"https:\/\/vtmsoluciones.com\/v3\/el-no\/\" >\n\t\t\t<div class=\"elementor-post__thumbnail\"><img loading=\"lazy\" decoding=\"async\" width=\"300\" height=\"258\" src=\"https:\/\/vtmsoluciones.com\/v3\/wp-content\/uploads\/2021\/07\/EL-NO-300x258.jpg\" class=\"attachment-medium size-medium\" alt=\"EL-NO - VTM\" srcset=\"https:\/\/vtmsoluciones.com\/v3\/wp-content\/uploads\/2021\/07\/EL-NO-300x258.jpg 300w, https:\/\/vtmsoluciones.com\/v3\/wp-content\/uploads\/2021\/07\/EL-NO.jpg 529w\" sizes=\"auto, (max-width: 300px) 100vw, 300px\" \/><\/div>\n\t\t<\/a>\n\t\t\t\t<div class=\"elementor-post__text\">\n\t\t\t\t<h3 class=\"elementor-post__title\">\n\t\t\t<a href=\"https:\/\/vtmsoluciones.com\/v3\/el-no\/\" >\n\t\t\t\tEl No\t\t\t<\/a>\n\t\t<\/h3>\n\t\t\t\t<div class=\"elementor-post__meta-data\">\n\t\t\t\t\t<span class=\"elementor-post-date\">\n\t\t\t21 de julio de 2021\t\t<\/span>\n\t\t\t\t<\/div>\n\t\t\t\t<div class=\"elementor-post__excerpt\">\n\t\t\t<p>Aunque se tenga acceso a un cr\u00e9dito, no siempre es conveniente aceptarlo, una de las claves de la buena gesti\u00f3n financiera consiste en restringir consumo,<\/p>\n\t\t<\/div>\n\t\t\t\t\t<a class=\"elementor-post__read-more\" href=\"https:\/\/vtmsoluciones.com\/v3\/el-no\/\" >\n\t\t\t\tLeer m\u00e1s <i class=\"fa fa-plus-square\" aria-hidden=\"true\"><\/i>\t\t\t<\/a>\n\t\t\t\t<\/div>\n\t\t\t\t<\/article>\n\t\t\t\t<article class=\"elementor-post elementor-grid-item post-251 post type-post status-publish format-standard has-post-thumbnail hentry category-sin-categoria\">\n\t\t\t\t<a class=\"elementor-post__thumbnail__link\" href=\"https:\/\/vtmsoluciones.com\/v3\/el-credito-por-carcel\/\" >\n\t\t\t<div class=\"elementor-post__thumbnail\"><img loading=\"lazy\" decoding=\"async\" width=\"300\" height=\"258\" src=\"https:\/\/vtmsoluciones.com\/v3\/wp-content\/uploads\/2021\/07\/EL-CREDITO-POR-CARCEL-300x258.jpg\" class=\"attachment-medium size-medium\" alt=\"EL-CREDITO-POR-CARCEL - VTM\" srcset=\"https:\/\/vtmsoluciones.com\/v3\/wp-content\/uploads\/2021\/07\/EL-CREDITO-POR-CARCEL-300x258.jpg 300w, https:\/\/vtmsoluciones.com\/v3\/wp-content\/uploads\/2021\/07\/EL-CREDITO-POR-CARCEL.jpg 529w\" sizes=\"auto, (max-width: 300px) 100vw, 300px\" \/><\/div>\n\t\t<\/a>\n\t\t\t\t<div class=\"elementor-post__text\">\n\t\t\t\t<h3 class=\"elementor-post__title\">\n\t\t\t<a href=\"https:\/\/vtmsoluciones.com\/v3\/el-credito-por-carcel\/\" >\n\t\t\t\tEl Cr\u00e9dito Por C\u00e1rcel\t\t\t<\/a>\n\t\t<\/h3>\n\t\t\t\t<div class=\"elementor-post__meta-data\">\n\t\t\t\t\t<span class=\"elementor-post-date\">\n\t\t\t21 de julio de 2021\t\t<\/span>\n\t\t\t\t<\/div>\n\t\t\t\t<div class=\"elementor-post__excerpt\">\n\t\t\t<p>Con las altas tasas de inter\u00e9s, el gota a gota, los prestamistas, las empresas de cr\u00e9ditos no reguladas, los cr\u00e9ditos para reportados, las deudas nunca<\/p>\n\t\t<\/div>\n\t\t\t\t\t<a class=\"elementor-post__read-more\" href=\"https:\/\/vtmsoluciones.com\/v3\/el-credito-por-carcel\/\" >\n\t\t\t\tLeer m\u00e1s <i class=\"fa fa-plus-square\" aria-hidden=\"true\"><\/i>\t\t\t<\/a>\n\t\t\t\t<\/div>\n\t\t\t\t<\/article>\n\t\t\t\t<article class=\"elementor-post elementor-grid-item post-248 post type-post status-publish format-standard has-post-thumbnail hentry category-sin-categoria\">\n\t\t\t\t<a class=\"elementor-post__thumbnail__link\" href=\"https:\/\/vtmsoluciones.com\/v3\/el-truco\/\" >\n\t\t\t<div class=\"elementor-post__thumbnail\"><img loading=\"lazy\" decoding=\"async\" width=\"300\" height=\"258\" src=\"https:\/\/vtmsoluciones.com\/v3\/wp-content\/uploads\/2021\/07\/EL-TRUCO-300x258.jpg\" class=\"attachment-medium size-medium\" alt=\"EL-TRUCO - VTM\" srcset=\"https:\/\/vtmsoluciones.com\/v3\/wp-content\/uploads\/2021\/07\/EL-TRUCO-300x258.jpg 300w, https:\/\/vtmsoluciones.com\/v3\/wp-content\/uploads\/2021\/07\/EL-TRUCO.jpg 529w\" sizes=\"auto, (max-width: 300px) 100vw, 300px\" \/><\/div>\n\t\t<\/a>\n\t\t\t\t<div class=\"elementor-post__text\">\n\t\t\t\t<h3 class=\"elementor-post__title\">\n\t\t\t<a href=\"https:\/\/vtmsoluciones.com\/v3\/el-truco\/\" >\n\t\t\t\tEl Truco\t\t\t<\/a>\n\t\t<\/h3>\n\t\t\t\t<div class=\"elementor-post__meta-data\">\n\t\t\t\t\t<span class=\"elementor-post-date\">\n\t\t\t21 de julio de 2021\t\t<\/span>\n\t\t\t\t<\/div>\n\t\t\t\t<div class=\"elementor-post__excerpt\">\n\t\t\t<p>Los cr\u00e9ditos, se pueden pagar en menos tiempo, logrando grandes ahorros en intereses, la clave es realizar abonos extraordinarios a la deuda, una forma de<\/p>\n\t\t<\/div>\n\t\t\t\t\t<a class=\"elementor-post__read-more\" href=\"https:\/\/vtmsoluciones.com\/v3\/el-truco\/\" >\n\t\t\t\tLeer m\u00e1s <i class=\"fa fa-plus-square\" aria-hidden=\"true\"><\/i>\t\t\t<\/a>\n\t\t\t\t<\/div>\n\t\t\t\t<\/article>\n\t\t\t\t<article class=\"elementor-post elementor-grid-item post-1 post type-post status-publish format-standard has-post-thumbnail hentry category-sin-categoria\">\n\t\t\t\t<a class=\"elementor-post__thumbnail__link\" href=\"https:\/\/vtmsoluciones.com\/v3\/la-recuperacion\/\" >\n\t\t\t<div class=\"elementor-post__thumbnail\"><img loading=\"lazy\" decoding=\"async\" width=\"300\" height=\"258\" src=\"https:\/\/vtmsoluciones.com\/v3\/wp-content\/uploads\/2021\/07\/LA-RECUPERACION-300x258.jpg\" class=\"attachment-medium size-medium\" alt=\"LA-RECUPERACION - VTM\" srcset=\"https:\/\/vtmsoluciones.com\/v3\/wp-content\/uploads\/2021\/07\/LA-RECUPERACION-300x258.jpg 300w, https:\/\/vtmsoluciones.com\/v3\/wp-content\/uploads\/2021\/07\/LA-RECUPERACION.jpg 529w\" sizes=\"auto, (max-width: 300px) 100vw, 300px\" \/><\/div>\n\t\t<\/a>\n\t\t\t\t<div class=\"elementor-post__text\">\n\t\t\t\t<h3 class=\"elementor-post__title\">\n\t\t\t<a href=\"https:\/\/vtmsoluciones.com\/v3\/la-recuperacion\/\" >\n\t\t\t\tLa Recuperaci\u00f3n\t\t\t<\/a>\n\t\t<\/h3>\n\t\t\t\t<div class=\"elementor-post__meta-data\">\n\t\t\t\t\t<span class=\"elementor-post-date\">\n\t\t\t19 de julio de 2021\t\t<\/span>\n\t\t\t\t<\/div>\n\t\t\t\t<div class=\"elementor-post__excerpt\">\n\t\t\t<p>El prop\u00f3sito del saneamiento financiero es brindar la oportunidad a los clientes de recuperar el control sobre su dinero y su vida, adem\u00e1s de la<\/p>\n\t\t<\/div>\n\t\t\t\t\t<a class=\"elementor-post__read-more\" href=\"https:\/\/vtmsoluciones.com\/v3\/la-recuperacion\/\" >\n\t\t\t\tLeer m\u00e1s <i class=\"fa fa-plus-square\" aria-hidden=\"true\"><\/i>\t\t\t<\/a>\n\t\t\t\t<\/div>\n\t\t\t\t<\/article>\n\t\t\t\t<\/div>\n\t\t\t\t<\/div>\n\t\t\t\t<\/div>\n\t\t\t\t\t<\/div>\n\t\t<\/div>\n\t\t\t\t\t\t\t<\/div>\n\t\t<\/section>\n\t\t\t\t\t<\/div>\n\t\t<\/div>\n\t\t\t\t\t\t\t<\/div>\n\t\t<\/section>\n\t\t\t\t\t\t<\/div>\n\t\t\t\t\t<\/div>\n\t\t","protected":false},"excerpt":{"rendered":"<p>Tu cr\u00e9dito sin complicaciones \u00bfEst\u00e1s reportado en centrales de riesgo? Te regresamos al sector bancario. SOLICITALO YA Prestamos hasta:80% y $500 millones &nbsp; Bajo inter\u00e9s:desde un 1.2% &nbsp; Aprobaci\u00f3n r\u00e1pidaen 2 o 3 d\u00edas &nbsp; Tramites \u00e1gilesprocesos online &nbsp; Noticias \u00daltimas Noticias<\/p>\n","protected":false},"author":1,"featured_media":146,"parent":0,"menu_order":0,"comment_status":"closed","ping_status":"open","template":"elementor_header_footer","meta":{"_monsterinsights_skip_tracking":false,"_monsterinsights_sitenote_active":false,"_monsterinsights_sitenote_note":"","_monsterinsights_sitenote_category":0,"footnotes":""},"class_list":["post-283","page","type-page","status-publish","has-post-thumbnail","hentry"],"_links":{"self":[{"href":"https:\/\/vtmsoluciones.com\/v3\/wp-json\/wp\/v2\/pages\/283","targetHints":{"allow":["GET"]}}],"collection":[{"href":"https:\/\/vtmsoluciones.com\/v3\/wp-json\/wp\/v2\/pages"}],"about":[{"href":"https:\/\/vtmsoluciones.com\/v3\/wp-json\/wp\/v2\/types\/page"}],"author":[{"embeddable":true,"href":"https:\/\/vtmsoluciones.com\/v3\/wp-json\/wp\/v2\/users\/1"}],"replies":[{"embeddable":true,"href":"https:\/\/vtmsoluciones.com\/v3\/wp-json\/wp\/v2\/comments?post=283"}],"version-history":[{"count":8,"href":"https:\/\/vtmsoluciones.com\/v3\/wp-json\/wp\/v2\/pages\/283\/revisions"}],"predecessor-version":[{"id":601,"href":"https:\/\/vtmsoluciones.com\/v3\/wp-json\/wp\/v2\/pages\/283\/revisions\/601"}],"wp:featuredmedia":[{"embeddable":true,"href":"https:\/\/vtmsoluciones.com\/v3\/wp-json\/wp\/v2\/media\/146"}],"wp:attachment":[{"href":"https:\/\/vtmsoluciones.com\/v3\/wp-json\/wp\/v2\/media?parent=283"}],"curies":[{"name":"wp","href":"https:\/\/api.w.org\/{rel}","templated":true}]}}